{"id":8296,"date":"2017-02-09T18:50:46","date_gmt":"2017-02-09T18:50:46","guid":{"rendered":"https:\/\/cmimediagroup.com\/home\/"},"modified":"2026-02-07T20:46:26","modified_gmt":"2026-02-07T20:46:26","slug":"home","status":"publish","type":"page","link":"https:\/\/cmimediagroup.com\/fr\/","title":{"rendered":"Home"},"content":{"rendered":"","protected":false},"excerpt":{"rendered":"","protected":false},"author":51,"featured_media":0,"parent":0,"menu_order":0,"comment_status":"closed","ping_status":"closed","template":"page-templates\/banded-content.php","meta":{"_acf_changed":false,"footnotes":""},"class_list":["post-8296","page","type-page","status-publish","hentry"],"acf":[],"yoast_head":"<!-- This site is optimized with the Yoast SEO plugin v27.4 - https:\/\/yoast.com\/product\/yoast-seo-wordpress\/ -->\n<title>Agence de m\u00e9dias et de marketing dans le domaine de la sant\u00e9 | CMI Media Group<\/title>\n<meta name=\"description\" content=\"CMI Media Group propose des strat\u00e9gies m\u00e9diatiques bas\u00e9es sur les donn\u00e9es dans le domaine de la sant\u00e9 et qui rejoignent les patients, les soignants et les professionnels de la sant\u00e9 afin de g\u00e9n\u00e9rer une croissance mesurable.Resources requiert au moins 3 s\u00e9lections\" \/>\n<meta name=\"robots\" content=\"index, follow, max-snippet:-1, max-image-preview:large, max-video-preview:-1\" \/>\n<link rel=\"canonical\" href=\"https:\/\/cmimediagroup.com\/fr\/\" \/>\n<meta property=\"og:locale\" content=\"fr_FR\" \/>\n<meta property=\"og:type\" content=\"article\" \/>\n<meta property=\"og:title\" content=\"Agence de m\u00e9dias et de marketing dans le domaine de la sant\u00e9 | CMI Media Group\" \/>\n<meta property=\"og:description\" content=\"CMI Media Group propose des strat\u00e9gies m\u00e9diatiques bas\u00e9es sur les donn\u00e9es dans le domaine de la sant\u00e9 et qui rejoignent les patients, les soignants et les professionnels de la sant\u00e9 afin de g\u00e9n\u00e9rer une croissance mesurable.Resources requiert au moins 3 s\u00e9lections\" \/>\n<meta property=\"og:url\" content=\"https:\/\/cmimediagroup.com\/fr\/\" \/>\n<meta property=\"og:site_name\" content=\"CMI Media Group\" \/>\n<meta property=\"article:modified_time\" content=\"2026-02-07T20:46:26+00:00\" \/>\n<meta name=\"twitter:card\" content=\"summary_large_image\" \/>\n<meta name=\"twitter:label1\" content=\"Dur\u00e9e de lecture estim\u00e9e\" \/>\n\t<meta name=\"twitter:data1\" content=\"1 minute\" \/>\n<script type=\"application\/ld+json\" class=\"yoast-schema-graph\">{\"@context\":\"https:\\\/\\\/schema.org\",\"@graph\":[{\"@type\":\"WebPage\",\"@id\":\"https:\\\/\\\/cmimediagroup.com\\\/fr\\\/\",\"url\":\"https:\\\/\\\/cmimediagroup.com\\\/fr\\\/\",\"name\":\"Agence de m\u00e9dias et de marketing dans le domaine de la sant\u00e9 | CMI Media Group\",\"isPartOf\":{\"@id\":\"https:\\\/\\\/cmimediagroup.com\\\/fr\\\/#website\"},\"datePublished\":\"2017-02-09T18:50:46+00:00\",\"dateModified\":\"2026-02-07T20:46:26+00:00\",\"description\":\"CMI Media Group propose des strat\u00e9gies m\u00e9diatiques bas\u00e9es sur les donn\u00e9es dans le domaine de la sant\u00e9 et qui rejoignent les patients, les soignants et les professionnels de la sant\u00e9 afin de g\u00e9n\u00e9rer une croissance mesurable.Resources requiert au moins 3 s\u00e9lections\",\"breadcrumb\":{\"@id\":\"https:\\\/\\\/cmimediagroup.com\\\/fr\\\/#breadcrumb\"},\"inLanguage\":\"fr-FR\",\"potentialAction\":[{\"@type\":\"ReadAction\",\"target\":[\"https:\\\/\\\/cmimediagroup.com\\\/fr\\\/\"]}]},{\"@type\":\"BreadcrumbList\",\"@id\":\"https:\\\/\\\/cmimediagroup.com\\\/fr\\\/#breadcrumb\",\"itemListElement\":[{\"@type\":\"ListItem\",\"position\":1,\"name\":\"Home\",\"item\":\"https:\\\/\\\/cmimediagroup.com\\\/fr\\\/\"},{\"@type\":\"ListItem\",\"position\":2,\"name\":\"Home\"}]},{\"@type\":\"WebSite\",\"@id\":\"https:\\\/\\\/cmimediagroup.com\\\/fr\\\/#website\",\"url\":\"https:\\\/\\\/cmimediagroup.com\\\/fr\\\/\",\"name\":\"CMI Media Group\",\"description\":\"We are your Impact Multiplier\",\"potentialAction\":[{\"@type\":\"SearchAction\",\"target\":{\"@type\":\"EntryPoint\",\"urlTemplate\":\"https:\\\/\\\/cmimediagroup.com\\\/fr\\\/?s={search_term_string}\"},\"query-input\":{\"@type\":\"PropertyValueSpecification\",\"valueRequired\":true,\"valueName\":\"search_term_string\"}}],\"inLanguage\":\"fr-FR\"}]}<\/script>\n<!-- \/ Yoast SEO plugin. -->","yoast_head_json":{"title":"Agence de m\u00e9dias et de marketing dans le domaine de la sant\u00e9 | CMI Media Group","description":"CMI Media Group propose des strat\u00e9gies m\u00e9diatiques bas\u00e9es sur les donn\u00e9es dans le domaine de la sant\u00e9 et qui rejoignent les patients, les soignants et les professionnels de la sant\u00e9 afin de g\u00e9n\u00e9rer une croissance mesurable.Resources requiert au moins 3 s\u00e9lections","robots":{"index":"index","follow":"follow","max-snippet":"max-snippet:-1","max-image-preview":"max-image-preview:large","max-video-preview":"max-video-preview:-1"},"canonical":"https:\/\/cmimediagroup.com\/fr\/","og_locale":"fr_FR","og_type":"article","og_title":"Agence de m\u00e9dias et de marketing dans le domaine de la sant\u00e9 | CMI Media Group","og_description":"CMI Media Group propose des strat\u00e9gies m\u00e9diatiques bas\u00e9es sur les donn\u00e9es dans le domaine de la sant\u00e9 et qui rejoignent les patients, les soignants et les professionnels de la sant\u00e9 afin de g\u00e9n\u00e9rer une croissance mesurable.Resources requiert au moins 3 s\u00e9lections","og_url":"https:\/\/cmimediagroup.com\/fr\/","og_site_name":"CMI Media Group","article_modified_time":"2026-02-07T20:46:26+00:00","twitter_card":"summary_large_image","twitter_misc":{"Dur\u00e9e de lecture estim\u00e9e":"1 minute"},"schema":{"@context":"https:\/\/schema.org","@graph":[{"@type":"WebPage","@id":"https:\/\/cmimediagroup.com\/fr\/","url":"https:\/\/cmimediagroup.com\/fr\/","name":"Agence de m\u00e9dias et de marketing dans le domaine de la sant\u00e9 | CMI Media Group","isPartOf":{"@id":"https:\/\/cmimediagroup.com\/fr\/#website"},"datePublished":"2017-02-09T18:50:46+00:00","dateModified":"2026-02-07T20:46:26+00:00","description":"CMI Media Group propose des strat\u00e9gies m\u00e9diatiques bas\u00e9es sur les donn\u00e9es dans le domaine de la sant\u00e9 et qui rejoignent les patients, les soignants et les professionnels de la sant\u00e9 afin de g\u00e9n\u00e9rer une croissance mesurable.Resources requiert au moins 3 s\u00e9lections","breadcrumb":{"@id":"https:\/\/cmimediagroup.com\/fr\/#breadcrumb"},"inLanguage":"fr-FR","potentialAction":[{"@type":"ReadAction","target":["https:\/\/cmimediagroup.com\/fr\/"]}]},{"@type":"BreadcrumbList","@id":"https:\/\/cmimediagroup.com\/fr\/#breadcrumb","itemListElement":[{"@type":"ListItem","position":1,"name":"Home","item":"https:\/\/cmimediagroup.com\/fr\/"},{"@type":"ListItem","position":2,"name":"Home"}]},{"@type":"WebSite","@id":"https:\/\/cmimediagroup.com\/fr\/#website","url":"https:\/\/cmimediagroup.com\/fr\/","name":"CMI Media Group","description":"We are your Impact Multiplier","potentialAction":[{"@type":"SearchAction","target":{"@type":"EntryPoint","urlTemplate":"https:\/\/cmimediagroup.com\/fr\/?s={search_term_string}"},"query-input":{"@type":"PropertyValueSpecification","valueRequired":true,"valueName":"search_term_string"}}],"inLanguage":"fr-FR"}]}},"_links":{"self":[{"href":"https:\/\/cmimediagroup.com\/fr\/wp-json\/wp\/v2\/pages\/8296","targetHints":{"allow":["GET"]}}],"collection":[{"href":"https:\/\/cmimediagroup.com\/fr\/wp-json\/wp\/v2\/pages"}],"about":[{"href":"https:\/\/cmimediagroup.com\/fr\/wp-json\/wp\/v2\/types\/page"}],"author":[{"embeddable":true,"href":"https:\/\/cmimediagroup.com\/fr\/wp-json\/wp\/v2\/users\/51"}],"replies":[{"embeddable":true,"href":"https:\/\/cmimediagroup.com\/fr\/wp-json\/wp\/v2\/comments?post=8296"}],"version-history":[{"count":5,"href":"https:\/\/cmimediagroup.com\/fr\/wp-json\/wp\/v2\/pages\/8296\/revisions"}],"predecessor-version":[{"id":9039,"href":"https:\/\/cmimediagroup.com\/fr\/wp-json\/wp\/v2\/pages\/8296\/revisions\/9039"}],"wp:attachment":[{"href":"https:\/\/cmimediagroup.com\/fr\/wp-json\/wp\/v2\/media?parent=8296"}],"curies":[{"name":"wp","href":"https:\/\/api.w.org\/{rel}","templated":true}]}}