{"id":8330,"date":"2025-10-24T17:39:48","date_gmt":"2025-10-24T17:39:48","guid":{"rendered":"https:\/\/cmimediagroup.com\/https-stage-cmi-rebuild-allaroundcreative-net-about-leadership\/"},"modified":"2026-02-07T20:51:35","modified_gmt":"2026-02-07T20:51:35","slug":"direction","status":"publish","type":"page","link":"https:\/\/cmimediagroup.com\/fr\/a-propos\/direction\/","title":{"rendered":"Direction"},"content":{"rendered":"","protected":false},"excerpt":{"rendered":"","protected":false},"author":51,"featured_media":0,"parent":8376,"menu_order":0,"comment_status":"closed","ping_status":"closed","template":"page-templates\/banded-content.php","meta":{"_acf_changed":false,"footnotes":""},"class_list":["post-8330","page","type-page","status-publish","hentry"],"acf":[],"yoast_head":"<!-- This site is optimized with the Yoast SEO plugin v27.4 - https:\/\/yoast.com\/product\/yoast-seo-wordpress\/ -->\n<title>Pr\u00e9sentation de l\u2019\u00e9quipe dirigeante de CMI | CMI Media Group<\/title>\n<meta name=\"description\" content=\"D\u00e9couvrez les leaders derri\u00e8re CMI Media Group. Disposant de d\u00e9cennies d\u2019exp\u00e9rience en marketing des soins de sant\u00e9 et en innovation m\u00e9diatique, nos experts proposent des strat\u00e9gies fiables ayant produit des r\u00e9sultats \u00e9prouv\u00e9s.\" \/>\n<meta name=\"robots\" content=\"index, follow, max-snippet:-1, max-image-preview:large, max-video-preview:-1\" \/>\n<link rel=\"canonical\" href=\"https:\/\/cmimediagroup.com\/fr\/a-propos\/direction\/\" \/>\n<meta property=\"og:locale\" content=\"fr_FR\" \/>\n<meta property=\"og:type\" content=\"article\" \/>\n<meta property=\"og:title\" content=\"Pr\u00e9sentation de l\u2019\u00e9quipe dirigeante de CMI | CMI Media Group\" \/>\n<meta property=\"og:description\" content=\"D\u00e9couvrez les leaders derri\u00e8re CMI Media Group. Disposant de d\u00e9cennies d\u2019exp\u00e9rience en marketing des soins de sant\u00e9 et en innovation m\u00e9diatique, nos experts proposent des strat\u00e9gies fiables ayant produit des r\u00e9sultats \u00e9prouv\u00e9s.\" \/>\n<meta property=\"og:url\" content=\"https:\/\/cmimediagroup.com\/fr\/a-propos\/direction\/\" \/>\n<meta property=\"og:site_name\" content=\"CMI Media Group\" \/>\n<meta property=\"article:modified_time\" content=\"2026-02-07T20:51:35+00:00\" \/>\n<meta name=\"twitter:card\" content=\"summary_large_image\" \/>\n<script type=\"application\/ld+json\" class=\"yoast-schema-graph\">{\"@context\":\"https:\\\/\\\/schema.org\",\"@graph\":[{\"@type\":\"WebPage\",\"@id\":\"https:\\\/\\\/cmimediagroup.com\\\/fr\\\/a-propos\\\/direction\\\/\",\"url\":\"https:\\\/\\\/cmimediagroup.com\\\/fr\\\/a-propos\\\/direction\\\/\",\"name\":\"Pr\u00e9sentation de l\u2019\u00e9quipe dirigeante de CMI | CMI Media Group\",\"isPartOf\":{\"@id\":\"https:\\\/\\\/cmimediagroup.com\\\/fr\\\/#website\"},\"datePublished\":\"2025-10-24T17:39:48+00:00\",\"dateModified\":\"2026-02-07T20:51:35+00:00\",\"description\":\"D\u00e9couvrez les leaders derri\u00e8re CMI Media Group. Disposant de d\u00e9cennies d\u2019exp\u00e9rience en marketing des soins de sant\u00e9 et en innovation m\u00e9diatique, nos experts proposent des strat\u00e9gies fiables ayant produit des r\u00e9sultats \u00e9prouv\u00e9s.\",\"breadcrumb\":{\"@id\":\"https:\\\/\\\/cmimediagroup.com\\\/fr\\\/a-propos\\\/direction\\\/#breadcrumb\"},\"inLanguage\":\"fr-FR\",\"potentialAction\":[{\"@type\":\"ReadAction\",\"target\":[\"https:\\\/\\\/cmimediagroup.com\\\/fr\\\/a-propos\\\/direction\\\/\"]}]},{\"@type\":\"BreadcrumbList\",\"@id\":\"https:\\\/\\\/cmimediagroup.com\\\/fr\\\/a-propos\\\/direction\\\/#breadcrumb\",\"itemListElement\":[{\"@type\":\"ListItem\",\"position\":1,\"name\":\"Home\",\"item\":\"https:\\\/\\\/cmimediagroup.com\\\/fr\\\/\"},{\"@type\":\"ListItem\",\"position\":2,\"name\":\"\u00c0 propos\",\"item\":\"https:\\\/\\\/cmimediagroup.com\\\/fr\\\/a-propos\\\/\"},{\"@type\":\"ListItem\",\"position\":3,\"name\":\"Direction\"}]},{\"@type\":\"WebSite\",\"@id\":\"https:\\\/\\\/cmimediagroup.com\\\/fr\\\/#website\",\"url\":\"https:\\\/\\\/cmimediagroup.com\\\/fr\\\/\",\"name\":\"CMI Media Group\",\"description\":\"We are your Impact Multiplier\",\"potentialAction\":[{\"@type\":\"SearchAction\",\"target\":{\"@type\":\"EntryPoint\",\"urlTemplate\":\"https:\\\/\\\/cmimediagroup.com\\\/fr\\\/?s={search_term_string}\"},\"query-input\":{\"@type\":\"PropertyValueSpecification\",\"valueRequired\":true,\"valueName\":\"search_term_string\"}}],\"inLanguage\":\"fr-FR\"}]}<\/script>\n<!-- \/ Yoast SEO plugin. -->","yoast_head_json":{"title":"Pr\u00e9sentation de l\u2019\u00e9quipe dirigeante de CMI | CMI Media Group","description":"D\u00e9couvrez les leaders derri\u00e8re CMI Media Group. Disposant de d\u00e9cennies d\u2019exp\u00e9rience en marketing des soins de sant\u00e9 et en innovation m\u00e9diatique, nos experts proposent des strat\u00e9gies fiables ayant produit des r\u00e9sultats \u00e9prouv\u00e9s.","robots":{"index":"index","follow":"follow","max-snippet":"max-snippet:-1","max-image-preview":"max-image-preview:large","max-video-preview":"max-video-preview:-1"},"canonical":"https:\/\/cmimediagroup.com\/fr\/a-propos\/direction\/","og_locale":"fr_FR","og_type":"article","og_title":"Pr\u00e9sentation de l\u2019\u00e9quipe dirigeante de CMI | CMI Media Group","og_description":"D\u00e9couvrez les leaders derri\u00e8re CMI Media Group. Disposant de d\u00e9cennies d\u2019exp\u00e9rience en marketing des soins de sant\u00e9 et en innovation m\u00e9diatique, nos experts proposent des strat\u00e9gies fiables ayant produit des r\u00e9sultats \u00e9prouv\u00e9s.","og_url":"https:\/\/cmimediagroup.com\/fr\/a-propos\/direction\/","og_site_name":"CMI Media Group","article_modified_time":"2026-02-07T20:51:35+00:00","twitter_card":"summary_large_image","schema":{"@context":"https:\/\/schema.org","@graph":[{"@type":"WebPage","@id":"https:\/\/cmimediagroup.com\/fr\/a-propos\/direction\/","url":"https:\/\/cmimediagroup.com\/fr\/a-propos\/direction\/","name":"Pr\u00e9sentation de l\u2019\u00e9quipe dirigeante de CMI | CMI Media Group","isPartOf":{"@id":"https:\/\/cmimediagroup.com\/fr\/#website"},"datePublished":"2025-10-24T17:39:48+00:00","dateModified":"2026-02-07T20:51:35+00:00","description":"D\u00e9couvrez les leaders derri\u00e8re CMI Media Group. Disposant de d\u00e9cennies d\u2019exp\u00e9rience en marketing des soins de sant\u00e9 et en innovation m\u00e9diatique, nos experts proposent des strat\u00e9gies fiables ayant produit des r\u00e9sultats \u00e9prouv\u00e9s.","breadcrumb":{"@id":"https:\/\/cmimediagroup.com\/fr\/a-propos\/direction\/#breadcrumb"},"inLanguage":"fr-FR","potentialAction":[{"@type":"ReadAction","target":["https:\/\/cmimediagroup.com\/fr\/a-propos\/direction\/"]}]},{"@type":"BreadcrumbList","@id":"https:\/\/cmimediagroup.com\/fr\/a-propos\/direction\/#breadcrumb","itemListElement":[{"@type":"ListItem","position":1,"name":"Home","item":"https:\/\/cmimediagroup.com\/fr\/"},{"@type":"ListItem","position":2,"name":"\u00c0 propos","item":"https:\/\/cmimediagroup.com\/fr\/a-propos\/"},{"@type":"ListItem","position":3,"name":"Direction"}]},{"@type":"WebSite","@id":"https:\/\/cmimediagroup.com\/fr\/#website","url":"https:\/\/cmimediagroup.com\/fr\/","name":"CMI Media Group","description":"We are your Impact Multiplier","potentialAction":[{"@type":"SearchAction","target":{"@type":"EntryPoint","urlTemplate":"https:\/\/cmimediagroup.com\/fr\/?s={search_term_string}"},"query-input":{"@type":"PropertyValueSpecification","valueRequired":true,"valueName":"search_term_string"}}],"inLanguage":"fr-FR"}]}},"_links":{"self":[{"href":"https:\/\/cmimediagroup.com\/fr\/wp-json\/wp\/v2\/pages\/8330","targetHints":{"allow":["GET"]}}],"collection":[{"href":"https:\/\/cmimediagroup.com\/fr\/wp-json\/wp\/v2\/pages"}],"about":[{"href":"https:\/\/cmimediagroup.com\/fr\/wp-json\/wp\/v2\/types\/page"}],"author":[{"embeddable":true,"href":"https:\/\/cmimediagroup.com\/fr\/wp-json\/wp\/v2\/users\/51"}],"replies":[{"embeddable":true,"href":"https:\/\/cmimediagroup.com\/fr\/wp-json\/wp\/v2\/comments?post=8330"}],"version-history":[{"count":2,"href":"https:\/\/cmimediagroup.com\/fr\/wp-json\/wp\/v2\/pages\/8330\/revisions"}],"predecessor-version":[{"id":9003,"href":"https:\/\/cmimediagroup.com\/fr\/wp-json\/wp\/v2\/pages\/8330\/revisions\/9003"}],"up":[{"embeddable":true,"href":"https:\/\/cmimediagroup.com\/fr\/wp-json\/wp\/v2\/pages\/8376"}],"wp:attachment":[{"href":"https:\/\/cmimediagroup.com\/fr\/wp-json\/wp\/v2\/media?parent=8330"}],"curies":[{"name":"wp","href":"https:\/\/api.w.org\/{rel}","templated":true}]}}