{"id":8369,"date":"2025-10-24T17:05:05","date_gmt":"2025-10-24T17:05:05","guid":{"rendered":"https:\/\/cmimediagroup.com\/services\/"},"modified":"2026-03-06T21:20:20","modified_gmt":"2026-03-06T21:20:20","slug":"services","status":"publish","type":"page","link":"https:\/\/cmimediagroup.com\/fr\/services\/","title":{"rendered":"Services"},"content":{"rendered":"","protected":false},"excerpt":{"rendered":"","protected":false},"author":51,"featured_media":0,"parent":0,"menu_order":2,"comment_status":"closed","ping_status":"closed","template":"page-templates\/banded-content.php","meta":{"_acf_changed":false,"footnotes":""},"class_list":["post-8369","page","type-page","status-publish","hentry"],"acf":[],"yoast_head":"<!-- This site is optimized with the Yoast SEO plugin v27.4 - https:\/\/yoast.com\/product\/yoast-seo-wordpress\/ -->\n<title>Services m\u00e9dias et marketing dans le domaine de la sant\u00e9 | CMI Media Group<\/title>\n<meta name=\"description\" content=\"CMI Media Group fournit des services m\u00e9diatiques sp\u00e9cialis\u00e9s dans le domaine de la sant\u00e9 s\u2019appuyant sur des donn\u00e9es aliment\u00e9es par l\u2019IA, une planification strat\u00e9gique et une ex\u00e9cution omnicanale. D\u00e9couvrez comment nous stimulons la croissance des marques.\" \/>\n<meta name=\"robots\" content=\"index, follow, max-snippet:-1, max-image-preview:large, max-video-preview:-1\" \/>\n<link rel=\"canonical\" href=\"https:\/\/cmimediagroup.com\/fr\/services\/\" \/>\n<meta property=\"og:locale\" content=\"fr_FR\" \/>\n<meta property=\"og:type\" content=\"article\" \/>\n<meta property=\"og:title\" content=\"Services m\u00e9dias et marketing dans le domaine de la sant\u00e9 | CMI Media Group\" \/>\n<meta property=\"og:description\" content=\"CMI Media Group fournit des services m\u00e9diatiques sp\u00e9cialis\u00e9s dans le domaine de la sant\u00e9 s\u2019appuyant sur des donn\u00e9es aliment\u00e9es par l\u2019IA, une planification strat\u00e9gique et une ex\u00e9cution omnicanale. D\u00e9couvrez comment nous stimulons la croissance des marques.\" \/>\n<meta property=\"og:url\" content=\"https:\/\/cmimediagroup.com\/fr\/services\/\" \/>\n<meta property=\"og:site_name\" content=\"CMI Media Group\" \/>\n<meta property=\"article:modified_time\" content=\"2026-03-06T21:20:20+00:00\" \/>\n<meta name=\"twitter:card\" content=\"summary_large_image\" \/>\n<meta name=\"twitter:label1\" content=\"Dur\u00e9e de lecture estim\u00e9e\" \/>\n\t<meta name=\"twitter:data1\" content=\"2 minutes\" \/>\n<script type=\"application\/ld+json\" class=\"yoast-schema-graph\">{\"@context\":\"https:\\\/\\\/schema.org\",\"@graph\":[{\"@type\":\"WebPage\",\"@id\":\"https:\\\/\\\/cmimediagroup.com\\\/fr\\\/services\\\/\",\"url\":\"https:\\\/\\\/cmimediagroup.com\\\/fr\\\/services\\\/\",\"name\":\"Services m\u00e9dias et marketing dans le domaine de la sant\u00e9 | CMI Media Group\",\"isPartOf\":{\"@id\":\"https:\\\/\\\/cmimediagroup.com\\\/fr\\\/#website\"},\"datePublished\":\"2025-10-24T17:05:05+00:00\",\"dateModified\":\"2026-03-06T21:20:20+00:00\",\"description\":\"CMI Media Group fournit des services m\u00e9diatiques sp\u00e9cialis\u00e9s dans le domaine de la sant\u00e9 s\u2019appuyant sur des donn\u00e9es aliment\u00e9es par l\u2019IA, une planification strat\u00e9gique et une ex\u00e9cution omnicanale. D\u00e9couvrez comment nous stimulons la croissance des marques.\",\"breadcrumb\":{\"@id\":\"https:\\\/\\\/cmimediagroup.com\\\/fr\\\/services\\\/#breadcrumb\"},\"inLanguage\":\"fr-FR\",\"potentialAction\":[{\"@type\":\"ReadAction\",\"target\":[\"https:\\\/\\\/cmimediagroup.com\\\/fr\\\/services\\\/\"]}]},{\"@type\":\"BreadcrumbList\",\"@id\":\"https:\\\/\\\/cmimediagroup.com\\\/fr\\\/services\\\/#breadcrumb\",\"itemListElement\":[{\"@type\":\"ListItem\",\"position\":1,\"name\":\"Home\",\"item\":\"https:\\\/\\\/cmimediagroup.com\\\/fr\\\/\"},{\"@type\":\"ListItem\",\"position\":2,\"name\":\"Services\"}]},{\"@type\":\"WebSite\",\"@id\":\"https:\\\/\\\/cmimediagroup.com\\\/fr\\\/#website\",\"url\":\"https:\\\/\\\/cmimediagroup.com\\\/fr\\\/\",\"name\":\"CMI Media Group\",\"description\":\"We are your Impact Multiplier\",\"potentialAction\":[{\"@type\":\"SearchAction\",\"target\":{\"@type\":\"EntryPoint\",\"urlTemplate\":\"https:\\\/\\\/cmimediagroup.com\\\/fr\\\/?s={search_term_string}\"},\"query-input\":{\"@type\":\"PropertyValueSpecification\",\"valueRequired\":true,\"valueName\":\"search_term_string\"}}],\"inLanguage\":\"fr-FR\"}]}<\/script>\n<!-- \/ Yoast SEO plugin. -->","yoast_head_json":{"title":"Services m\u00e9dias et marketing dans le domaine de la sant\u00e9 | CMI Media Group","description":"CMI Media Group fournit des services m\u00e9diatiques sp\u00e9cialis\u00e9s dans le domaine de la sant\u00e9 s\u2019appuyant sur des donn\u00e9es aliment\u00e9es par l\u2019IA, une planification strat\u00e9gique et une ex\u00e9cution omnicanale. D\u00e9couvrez comment nous stimulons la croissance des marques.","robots":{"index":"index","follow":"follow","max-snippet":"max-snippet:-1","max-image-preview":"max-image-preview:large","max-video-preview":"max-video-preview:-1"},"canonical":"https:\/\/cmimediagroup.com\/fr\/services\/","og_locale":"fr_FR","og_type":"article","og_title":"Services m\u00e9dias et marketing dans le domaine de la sant\u00e9 | CMI Media Group","og_description":"CMI Media Group fournit des services m\u00e9diatiques sp\u00e9cialis\u00e9s dans le domaine de la sant\u00e9 s\u2019appuyant sur des donn\u00e9es aliment\u00e9es par l\u2019IA, une planification strat\u00e9gique et une ex\u00e9cution omnicanale. D\u00e9couvrez comment nous stimulons la croissance des marques.","og_url":"https:\/\/cmimediagroup.com\/fr\/services\/","og_site_name":"CMI Media Group","article_modified_time":"2026-03-06T21:20:20+00:00","twitter_card":"summary_large_image","twitter_misc":{"Dur\u00e9e de lecture estim\u00e9e":"2 minutes"},"schema":{"@context":"https:\/\/schema.org","@graph":[{"@type":"WebPage","@id":"https:\/\/cmimediagroup.com\/fr\/services\/","url":"https:\/\/cmimediagroup.com\/fr\/services\/","name":"Services m\u00e9dias et marketing dans le domaine de la sant\u00e9 | CMI Media Group","isPartOf":{"@id":"https:\/\/cmimediagroup.com\/fr\/#website"},"datePublished":"2025-10-24T17:05:05+00:00","dateModified":"2026-03-06T21:20:20+00:00","description":"CMI Media Group fournit des services m\u00e9diatiques sp\u00e9cialis\u00e9s dans le domaine de la sant\u00e9 s\u2019appuyant sur des donn\u00e9es aliment\u00e9es par l\u2019IA, une planification strat\u00e9gique et une ex\u00e9cution omnicanale. D\u00e9couvrez comment nous stimulons la croissance des marques.","breadcrumb":{"@id":"https:\/\/cmimediagroup.com\/fr\/services\/#breadcrumb"},"inLanguage":"fr-FR","potentialAction":[{"@type":"ReadAction","target":["https:\/\/cmimediagroup.com\/fr\/services\/"]}]},{"@type":"BreadcrumbList","@id":"https:\/\/cmimediagroup.com\/fr\/services\/#breadcrumb","itemListElement":[{"@type":"ListItem","position":1,"name":"Home","item":"https:\/\/cmimediagroup.com\/fr\/"},{"@type":"ListItem","position":2,"name":"Services"}]},{"@type":"WebSite","@id":"https:\/\/cmimediagroup.com\/fr\/#website","url":"https:\/\/cmimediagroup.com\/fr\/","name":"CMI Media Group","description":"We are your Impact Multiplier","potentialAction":[{"@type":"SearchAction","target":{"@type":"EntryPoint","urlTemplate":"https:\/\/cmimediagroup.com\/fr\/?s={search_term_string}"},"query-input":{"@type":"PropertyValueSpecification","valueRequired":true,"valueName":"search_term_string"}}],"inLanguage":"fr-FR"}]}},"_links":{"self":[{"href":"https:\/\/cmimediagroup.com\/fr\/wp-json\/wp\/v2\/pages\/8369","targetHints":{"allow":["GET"]}}],"collection":[{"href":"https:\/\/cmimediagroup.com\/fr\/wp-json\/wp\/v2\/pages"}],"about":[{"href":"https:\/\/cmimediagroup.com\/fr\/wp-json\/wp\/v2\/types\/page"}],"author":[{"embeddable":true,"href":"https:\/\/cmimediagroup.com\/fr\/wp-json\/wp\/v2\/users\/51"}],"replies":[{"embeddable":true,"href":"https:\/\/cmimediagroup.com\/fr\/wp-json\/wp\/v2\/comments?post=8369"}],"version-history":[{"count":2,"href":"https:\/\/cmimediagroup.com\/fr\/wp-json\/wp\/v2\/pages\/8369\/revisions"}],"predecessor-version":[{"id":9165,"href":"https:\/\/cmimediagroup.com\/fr\/wp-json\/wp\/v2\/pages\/8369\/revisions\/9165"}],"wp:attachment":[{"href":"https:\/\/cmimediagroup.com\/fr\/wp-json\/wp\/v2\/media?parent=8369"}],"curies":[{"name":"wp","href":"https:\/\/api.w.org\/{rel}","templated":true}]}}