{"id":8408,"date":"2025-10-24T17:14:43","date_gmt":"2025-10-24T17:14:43","guid":{"rendered":"https:\/\/cmimediagroup.com\/culture\/"},"modified":"2026-02-18T19:22:22","modified_gmt":"2026-02-18T19:22:22","slug":"culture-entreprise","status":"publish","type":"page","link":"https:\/\/cmimediagroup.com\/fr\/culture-entreprise\/","title":{"rendered":"Culture d\u2019entreprise"},"content":{"rendered":"","protected":false},"excerpt":{"rendered":"","protected":false},"author":51,"featured_media":0,"parent":0,"menu_order":5,"comment_status":"closed","ping_status":"closed","template":"page-templates\/banded-content.php","meta":{"_acf_changed":false,"footnotes":""},"class_list":["post-8408","page","type-page","status-publish","hentry"],"acf":[],"yoast_head":"<!-- This site is optimized with the Yoast SEO plugin v27.4 - https:\/\/yoast.com\/product\/yoast-seo-wordpress\/ -->\n<title>Notre culture d\u2019entreprise | CMI Media Group<\/title>\n<meta name=\"description\" content=\"D\u00e9couvrez la culture d\u2019entreprise de CMI Media Group, o\u00f9 travail d\u2019\u00e9quipe, innovation et sens du but se conjuguent de fa\u00e7on \u00e0 cr\u00e9er un environnement de travail solidaire, inclusif et \u00e0 fort impact.\" \/>\n<meta name=\"robots\" content=\"index, follow, max-snippet:-1, max-image-preview:large, max-video-preview:-1\" \/>\n<link rel=\"canonical\" href=\"https:\/\/cmimediagroup.com\/fr\/culture-entreprise\/\" \/>\n<meta property=\"og:locale\" content=\"fr_FR\" \/>\n<meta property=\"og:type\" content=\"article\" \/>\n<meta property=\"og:title\" content=\"Notre culture d\u2019entreprise | CMI Media Group\" \/>\n<meta property=\"og:description\" content=\"D\u00e9couvrez la culture d\u2019entreprise de CMI Media Group, o\u00f9 travail d\u2019\u00e9quipe, innovation et sens du but se conjuguent de fa\u00e7on \u00e0 cr\u00e9er un environnement de travail solidaire, inclusif et \u00e0 fort impact.\" \/>\n<meta property=\"og:url\" content=\"https:\/\/cmimediagroup.com\/fr\/culture-entreprise\/\" \/>\n<meta property=\"og:site_name\" content=\"CMI Media Group\" \/>\n<meta property=\"article:modified_time\" content=\"2026-02-18T19:22:22+00:00\" \/>\n<meta name=\"twitter:card\" content=\"summary_large_image\" \/>\n<script type=\"application\/ld+json\" class=\"yoast-schema-graph\">{\"@context\":\"https:\\\/\\\/schema.org\",\"@graph\":[{\"@type\":\"WebPage\",\"@id\":\"https:\\\/\\\/cmimediagroup.com\\\/fr\\\/culture-entreprise\\\/\",\"url\":\"https:\\\/\\\/cmimediagroup.com\\\/fr\\\/culture-entreprise\\\/\",\"name\":\"Notre culture d\u2019entreprise | CMI Media Group\",\"isPartOf\":{\"@id\":\"https:\\\/\\\/cmimediagroup.com\\\/fr\\\/#website\"},\"datePublished\":\"2025-10-24T17:14:43+00:00\",\"dateModified\":\"2026-02-18T19:22:22+00:00\",\"description\":\"D\u00e9couvrez la culture d\u2019entreprise de CMI Media Group, o\u00f9 travail d\u2019\u00e9quipe, innovation et sens du but se conjuguent de fa\u00e7on \u00e0 cr\u00e9er un environnement de travail solidaire, inclusif et \u00e0 fort impact.\",\"breadcrumb\":{\"@id\":\"https:\\\/\\\/cmimediagroup.com\\\/fr\\\/culture-entreprise\\\/#breadcrumb\"},\"inLanguage\":\"fr-FR\",\"potentialAction\":[{\"@type\":\"ReadAction\",\"target\":[\"https:\\\/\\\/cmimediagroup.com\\\/fr\\\/culture-entreprise\\\/\"]}]},{\"@type\":\"BreadcrumbList\",\"@id\":\"https:\\\/\\\/cmimediagroup.com\\\/fr\\\/culture-entreprise\\\/#breadcrumb\",\"itemListElement\":[{\"@type\":\"ListItem\",\"position\":1,\"name\":\"Home\",\"item\":\"https:\\\/\\\/cmimediagroup.com\\\/fr\\\/\"},{\"@type\":\"ListItem\",\"position\":2,\"name\":\"Culture d\u2019entreprise\"}]},{\"@type\":\"WebSite\",\"@id\":\"https:\\\/\\\/cmimediagroup.com\\\/fr\\\/#website\",\"url\":\"https:\\\/\\\/cmimediagroup.com\\\/fr\\\/\",\"name\":\"CMI Media Group\",\"description\":\"We are your Impact Multiplier\",\"potentialAction\":[{\"@type\":\"SearchAction\",\"target\":{\"@type\":\"EntryPoint\",\"urlTemplate\":\"https:\\\/\\\/cmimediagroup.com\\\/fr\\\/?s={search_term_string}\"},\"query-input\":{\"@type\":\"PropertyValueSpecification\",\"valueRequired\":true,\"valueName\":\"search_term_string\"}}],\"inLanguage\":\"fr-FR\"}]}<\/script>\n<!-- \/ Yoast SEO plugin. -->","yoast_head_json":{"title":"Notre culture d\u2019entreprise | CMI Media Group","description":"D\u00e9couvrez la culture d\u2019entreprise de CMI Media Group, o\u00f9 travail d\u2019\u00e9quipe, innovation et sens du but se conjuguent de fa\u00e7on \u00e0 cr\u00e9er un environnement de travail solidaire, inclusif et \u00e0 fort impact.","robots":{"index":"index","follow":"follow","max-snippet":"max-snippet:-1","max-image-preview":"max-image-preview:large","max-video-preview":"max-video-preview:-1"},"canonical":"https:\/\/cmimediagroup.com\/fr\/culture-entreprise\/","og_locale":"fr_FR","og_type":"article","og_title":"Notre culture d\u2019entreprise | CMI Media Group","og_description":"D\u00e9couvrez la culture d\u2019entreprise de CMI Media Group, o\u00f9 travail d\u2019\u00e9quipe, innovation et sens du but se conjuguent de fa\u00e7on \u00e0 cr\u00e9er un environnement de travail solidaire, inclusif et \u00e0 fort impact.","og_url":"https:\/\/cmimediagroup.com\/fr\/culture-entreprise\/","og_site_name":"CMI Media Group","article_modified_time":"2026-02-18T19:22:22+00:00","twitter_card":"summary_large_image","schema":{"@context":"https:\/\/schema.org","@graph":[{"@type":"WebPage","@id":"https:\/\/cmimediagroup.com\/fr\/culture-entreprise\/","url":"https:\/\/cmimediagroup.com\/fr\/culture-entreprise\/","name":"Notre culture d\u2019entreprise | CMI Media Group","isPartOf":{"@id":"https:\/\/cmimediagroup.com\/fr\/#website"},"datePublished":"2025-10-24T17:14:43+00:00","dateModified":"2026-02-18T19:22:22+00:00","description":"D\u00e9couvrez la culture d\u2019entreprise de CMI Media Group, o\u00f9 travail d\u2019\u00e9quipe, innovation et sens du but se conjuguent de fa\u00e7on \u00e0 cr\u00e9er un environnement de travail solidaire, inclusif et \u00e0 fort impact.","breadcrumb":{"@id":"https:\/\/cmimediagroup.com\/fr\/culture-entreprise\/#breadcrumb"},"inLanguage":"fr-FR","potentialAction":[{"@type":"ReadAction","target":["https:\/\/cmimediagroup.com\/fr\/culture-entreprise\/"]}]},{"@type":"BreadcrumbList","@id":"https:\/\/cmimediagroup.com\/fr\/culture-entreprise\/#breadcrumb","itemListElement":[{"@type":"ListItem","position":1,"name":"Home","item":"https:\/\/cmimediagroup.com\/fr\/"},{"@type":"ListItem","position":2,"name":"Culture d\u2019entreprise"}]},{"@type":"WebSite","@id":"https:\/\/cmimediagroup.com\/fr\/#website","url":"https:\/\/cmimediagroup.com\/fr\/","name":"CMI Media Group","description":"We are your Impact Multiplier","potentialAction":[{"@type":"SearchAction","target":{"@type":"EntryPoint","urlTemplate":"https:\/\/cmimediagroup.com\/fr\/?s={search_term_string}"},"query-input":{"@type":"PropertyValueSpecification","valueRequired":true,"valueName":"search_term_string"}}],"inLanguage":"fr-FR"}]}},"_links":{"self":[{"href":"https:\/\/cmimediagroup.com\/fr\/wp-json\/wp\/v2\/pages\/8408","targetHints":{"allow":["GET"]}}],"collection":[{"href":"https:\/\/cmimediagroup.com\/fr\/wp-json\/wp\/v2\/pages"}],"about":[{"href":"https:\/\/cmimediagroup.com\/fr\/wp-json\/wp\/v2\/types\/page"}],"author":[{"embeddable":true,"href":"https:\/\/cmimediagroup.com\/fr\/wp-json\/wp\/v2\/users\/51"}],"replies":[{"embeddable":true,"href":"https:\/\/cmimediagroup.com\/fr\/wp-json\/wp\/v2\/comments?post=8408"}],"version-history":[{"count":1,"href":"https:\/\/cmimediagroup.com\/fr\/wp-json\/wp\/v2\/pages\/8408\/revisions"}],"predecessor-version":[{"id":8593,"href":"https:\/\/cmimediagroup.com\/fr\/wp-json\/wp\/v2\/pages\/8408\/revisions\/8593"}],"wp:attachment":[{"href":"https:\/\/cmimediagroup.com\/fr\/wp-json\/wp\/v2\/media?parent=8408"}],"curies":[{"name":"wp","href":"https:\/\/api.w.org\/{rel}","templated":true}]}}